{"id":13,"date":"2016-07-25T07:50:45","date_gmt":"2016-07-25T07:50:45","guid":{"rendered":"http:\/\/demo.acoda.com\/demo-8\/?page_id=13"},"modified":"2026-01-06T18:06:08","modified_gmt":"2026-01-06T18:06:08","slug":"company","status":"publish","type":"page","link":"https:\/\/oncologyequipment.com\/dev\/company\/","title":{"rendered":"Company"},"content":{"rendered":"<div class=\"wpb-content-wrapper\"><p>[vc_row full_width=&#8221;stretch_row&#8221; full_height=&#8221;quarter_row_height&#8221; css=&#8221;.vc_custom_1509130648760{background-image: url(http:\/\/biz229.inmotionhosting.com\/~oncolo7\/dev\/wp-content\/uploads\/2016\/07\/Linac_People_crop.jpg?id=631) !important;background-position: center !important;background-repeat: no-repeat !important;background-size: cover !important;}&#8221;][vc_column][\/vc_column][\/vc_row][vc_row full_width=&#8221;stretch_row&#8221; css=&#8221;.vc_custom_1467398018107{padding-top: 120px !important;padding-bottom: 120px !important;}&#8221;][vc_column][vc_column_text]<\/p>\n<h3 style=\"text-align: center;\">TRG Oncology International &#8211; A Leading\u00a0 Reseller of New, Used and Refurbished Radiation Therapy Equipment Worldwide<\/h3>\n<p>[\/vc_column_text][vc_row_inner][vc_column_inner width=&#8221;1\/3&#8243;][\/vc_column_inner][vc_column_inner width=&#8221;1\/3&#8243;][vc_separator color=&#8221;link_color&#8221; border_width=&#8221;4&#8243; el_width=&#8221;20&#8243; css=&#8221;.vc_custom_1472817381886{margin-bottom: 5px !important;}&#8221;][\/vc_column_inner][vc_column_inner width=&#8221;1\/3&#8243;][\/vc_column_inner][\/vc_row_inner][vc_row_inner css=&#8221;.vc_custom_1467381068708{padding-top: 0px !important;}&#8221;][vc_column_inner width=&#8221;5\/6&#8243; offset=&#8221;vc_col-lg-offset-1 vc_col-md-offset-1 vc_col-sm-offset-1&#8243;][vc_column_text]<\/p>\n<p style=\"text-align: center;\">TRG Oncology International is an equipment reseller committed to making affordable radiation oncology equipment available on a global scale. We have been committed to delivering responsive and competitive service with an emphasis on value since our inception in 1993.TRG Oncology International works with a large clientele of international hospitals and centers to reuse, repurpose and recycle radiation therapy equipment, proving options for untapped or underserved markets. Our extensive experience focusing exclusively in the radiation therapy arena affords us a unique understanding of the needs and expectations of our customer base-whether it\u2019s the purchase of a state-of-the art linear accelerator, the acquisition of a new or refurbished imaging equipment or providing your entire department with affordable capital equipment options. TRG Oncology International can assist with every aspect of center development, from room design through installation. We use a consultative approach to make sure we meet and exceed all of your equipment needs. As an established business for over two decades, we can provide numerous references for both buying and selling equipment and have excellent relationships with most of the major OEM\u2019s. Feel free to assemble a wish list of your needs and contact TRG Oncology International and we can show you how simple it is to shop globally for your capital equipment needs.<\/p>\n<p>[\/vc_column_text][\/vc_column_inner][\/vc_row_inner][vc_column_text]<\/p>\n<h3 style=\"text-align: center;\">TRG Oncology International -\u00c9quipement de radioth\u00e9rapie abordable \u2013 \u00c0 l\u2019\u00e9chelle mondiale<\/h3>\n<p>[\/vc_column_text][vc_row_inner][vc_column_inner width=&#8221;1\/3&#8243;][\/vc_column_inner][vc_column_inner width=&#8221;1\/3&#8243;][vc_separator color=&#8221;link_color&#8221; border_width=&#8221;4&#8243; el_width=&#8221;20&#8243; css=&#8221;.vc_custom_1472817381886{margin-bottom: 5px !important;}&#8221;][\/vc_column_inner][vc_column_inner width=&#8221;1\/3&#8243;][\/vc_column_inner][\/vc_row_inner][vc_row_inner css=&#8221;.vc_custom_1467381068708{padding-top: 0px !important;}&#8221;][vc_column_inner width=&#8221;5\/6&#8243; offset=&#8221;vc_col-lg-offset-1 vc_col-md-offset-1 vc_col-sm-offset-1&#8243;][vc_column_text]<\/p>\n<p>TRG Oncology International est un revendeur d\u2019\u00e9quipement qui a pris l\u2019engagement de mettre \u00e0 disposition \u00e0 l\u2019\u00e9chelle mondiale des \u00e9quipements de radioth\u00e9rapie \u00e0 un co\u00fbt abordable. Depuis la cr\u00e9ation de l\u2019entreprise en 1993, nous avons \u00e0 c\u0153ur d\u2019offrir des services r\u00e9actifs et concurrentiels avec une attention particuli\u00e8re sur la valeur. TRG Oncology International travaille avec une vaste client\u00e8le d\u2019h\u00f4pitaux et de centres internationaux afin de r\u00e9utiliser, r\u00e9adapter et recycler des appareils de radioth\u00e9rapie, offrant ainsi des options aux march\u00e9s inexploit\u00e9s ou mal desservis. Gr\u00e2ce \u00e0 notre exp\u00e9rience pouss\u00e9e dans le domaine exclusif de la radioth\u00e9rapie, nous sommes \u00e0 m\u00eame de comprendre parfaitement les besoins et les attentes de nos clients, qu\u2019il s\u2019agisse de l\u2019achat d\u2019un acc\u00e9l\u00e9rateur lin\u00e9aire \u00e0 la pointe du progr\u00e8s, de l\u2019acquisition d\u2019un appareil d\u2019imagerie neuf ou remis \u00e0 neuf ou d\u2019offrir des options abordables en termes de biens d\u2019\u00e9quipement \u00e0 l\u2019ensemble de votre service. TRG Oncology International peut vous assister \u00e0 tous les niveaux du d\u00e9veloppement d\u2019un centre, de la conception de la salle \u00e0 l\u2019installation. Nous utilisons une approche consultative pour nous assurer de r\u00e9pondre et de d\u00e9passer tous vos besoins en mati\u00e8re d\u2019\u00e9quipement. Entreprise en activit\u00e9 depuis plus de 20 ans, nous pouvons fournir de nombreuses r\u00e9f\u00e9rences en ce qui concerne l\u2019achat et la vente d\u2019\u00e9quipement et nous entretenons d\u2019excellentes relations avec la plupart des principaux OEM. N\u2019h\u00e9sitez pas \u00e0 \u00e9tablir une liste de souhaits et \u00e0 contacter TRG Oncology International et nous nous ferons un plaisir de vous montrer combien il est simple d\u2019acheter ce dont vous avez besoin en termes de biens d\u2019\u00e9quipement \u00e0 l\u2019\u00e9chelle mondiale.<\/p>\n<h3 style=\"text-align: center;\">TRG Oncology International is the company of choice for the purchase and sale of previously owned linear accelerators<\/h3>\n<p>[\/vc_column_text][vc_row_inner][\/vc_row_inner][vc_column_inner width=&#8221;1\/3&#8243;][\/vc_column_inner][\/vc_column_inner][vc_column_inner width=&#8221;1\/3&#8243;][vc_separator color=&#8221;link_color&#8221; border_width=&#8221;4&#8243; el_width=&#8221;20&#8243; css=&#8221;.vc_custom_1472817381886{margin-bottom: 5px !important;}&#8221;][\/vc_column_inner][vc_column_inner width=&#8221;1\/3&#8243;][\/vc_column_inner][\/vc_row_inner][vc_column_text]<\/p>\n<p class=\"p1\" style=\"text-align: center;\">We\u2019ve built an outstanding reputation in the industry with more than 20-years\u2019 experience. TRG Oncology International is committed to providing you with excellent customer service and top of the line equipment at competitive prices. We specialize in the re-sale of linear accelerators, with a focus on Varian systems. We also provide new equipment solutions for everything from skin cancer treatment, featuring superficial and orthovoltage systems, to new add-on options like positioning lasers, equipment chillers and power conditioners. We work both throughout the United States and with International facilities, providing systems for hospitals, free-standing radiation oncology centers, veterinary hospitals and more. TRG Oncology International offers a large selection of systems from the leading manufacturers in the industry.<\/p>\n<h3 style=\"text-align: center;\">Purchase with Confidence<\/h3>\n<p>[\/vc_column_text][vc_row_inner][vc_column_inner width=&#8221;1\/3&#8243;][\/vc_column_inner][vc_column_inner width=&#8221;1\/3&#8243;][vc_separator color=&#8221;link_color&#8221; border_width=&#8221;4&#8243; el_width=&#8221;20&#8243; css=&#8221;.vc_custom_1472817381886{margin-bottom: 5px !important;}&#8221;][\/vc_column_inner][vc_column_inner width=&#8221;1\/3&#8243;][\/vc_column_inner][\/vc_row_inner][vc_column_text]<\/p>\n<p class=\"p1\" style=\"text-align: center;\">TRG Oncology International provides a complete range of products, from \u201cas is, where is\u201d equipment to fully refurbished systems with a comprehensive one year warranty. Because we purchase directly from oncology centers nationwide we are able to offer a wide selection of pre-owned radiation therapy equipment at the most competitive prices possible. TRG Oncology International specializes in Varian linear accelerators and is a preferred reseller of the OEM&#8217;s previously owned systems. It&#8217;s because of this ongoing relationship that we are able to provide turnkey solutions for used linacs, installed and serviced by the original manufacturer. And because we buy much of our equipment far in advance of the actual removal dates, we are able to accommodate most any schedule and budget constraints. At TRG Oncology International, we welcome the opportunity to compete for your business, and we will do everything required to ensure a productive and satisfying relationship.<\/p>\n<p>[vc_column_text]<\/p>\n<h3 style=\"text-align: center;\">Turnkey Capability &amp; Global Reach<\/h3>\n<p>[\/vc_column_text][vc_row_inner][vc_column_inner width=&#8221;1\/3&#8243;][\/vc_column_inner][vc_column_inner width=&#8221;1\/3&#8243;][vc_separator color=&#8221;link_color&#8221; border_width=&#8221;4&#8243; el_width=&#8221;20&#8243; css=&#8221;.vc_custom_1472817381886{margin-bottom: 5px !important;}&#8221;][\/vc_column_inner][vc_column_inner width=&#8221;1\/3&#8243;][\/vc_column_inner][\/vc_row_inner][vc_row_inner css=&#8221;.vc_custom_1467381068708{padding-top: 0px !important;}&#8221;][vc_column_inner width=&#8221;5\/6&#8243; offset=&#8221;vc_col-lg-offset-1 vc_col-md-offset-1 vc_col-sm-offset-1&#8243;][vc_column_text]<\/p>\n<p style=\"text-align: center;\">TRG Oncology International has the expertise to help coordinate every aspect of your equipment acquisition process. We can manage everything from de-installation and transport to vault design, refurbishing, re-installation and provision of on-going service. This value-added capability removes the effort and uncertainty from the planning process, enabling a smooth and worry-free project development.<\/p>\n<p style=\"text-align: center;\">While TRG Oncology International has a large clientele of domestic centers we are also active in the export market and are comfortable with all aspects of international planning and shipping requirements. Feel free to assemble a wish list of your needs and contact TRG Oncology International so we can show you how simple it is to shop globally for your capital equipment needs.<\/p>\n<p>[\/vc_column_text][\/vc_column_inner][\/vc_row_inner][vc_row_inner][vc_column_inner width=&#8221;1\/3&#8243;][\/vc_column_inner][vc_column_inner width=&#8221;1\/3&#8243;][vc_separator color=&#8221;link_color&#8221; border_width=&#8221;4&#8243; el_width=&#8221;20&#8243; css=&#8221;.vc_custom_1472817381886{margin-bottom: 5px !important;}&#8221;][\/vc_column_inner][vc_column_inner width=&#8221;1\/3&#8243;][\/vc_column_inner][\/vc_row_inner][vc_column_text]<\/p>\n<h3 style=\"text-align: center;\">Find Out What The Leading Radiation Oncology Providers Have Known For Years<\/h3>\n<p>[\/vc_column_text][vc_row_inner][vc_column_inner width=&#8221;1\/3&#8243;][\/vc_column_inner][vc_column_inner width=&#8221;1\/3&#8243;][vc_separator color=&#8221;link_color&#8221; border_width=&#8221;4&#8243; el_width=&#8221;20&#8243; css=&#8221;.vc_custom_1472817381886{margin-bottom: 5px !important;}&#8221;][\/vc_column_inner][vc_column_inner width=&#8221;1\/3&#8243;][\/vc_column_inner][\/vc_row_inner][vc_column_text]<\/p>\n<p class=\"p1\" style=\"text-align: center;\">As the healthcare landscape becomes increasingly competitive, providers are continually striving to optimize their return on investment. TRG&#8217;s owners have spent years developing and refining our business model to assist our clients in obtaining a maximum value for their dollar. Our commitment to customer satisfaction has resulted in our being the preferred supplier to many of the most prestigious centers in the US.<\/p>\n<p>[\/vc_column_text][\/vc_column][\/vc_row][vc_row full_width=&#8221;stretch_row&#8221; limit_row_width=&#8221;&#8221; full_height_row=&#8221;&#8221; css=&#8221;.vc_custom_1505509203265{padding-top: 30px !important;}&#8221;][vc_column offset=&#8221;vc_col-lg-offset-0 vc_col-md-offset-0 vc_col-sm-offset-0&#8243;][vc_column_text]<\/p>\n<h3 style=\"text-align: center;\">Some of our past and current clients include:<\/h3>\n<p>[\/vc_column_text][vc_row_inner][vc_column_inner width=&#8221;1\/3&#8243;][vc_icon type=&#8221;nucleo_outline&#8221; icon_nucleo_outline=&#8221;nc-icon-outline business_award-48&#8243; background_style=&#8221;rounded&#8221; background_color=&#8221;custom&#8221; align=&#8221;center&#8221; icon_nucleo=&#8221;nc-icon-glyph business_bulb-63&#8243; css=&#8221;.vc_custom_1505508875297{margin-bottom: 30px !important;}&#8221; custom_background_color=&#8221;#f7f7f7&#8243;][vc_separator color=&#8221;link_color&#8221; border_width=&#8221;4&#8243; el_width=&#8221;20&#8243; css=&#8221;.vc_custom_1472817626861{margin-top: 15px !important;margin-bottom: 15px !important;}&#8221;][vc_column_text]AccelParts,Inc &#8211; Mexico City, Mexico\u00a0 \u00a0 \u00a0 \u00a0 \u00a0 \u00a0 \u00a0 \u00a0 \u00a0 Alliance Oncology &#8211; Newport Beach, CA<br \/>\nBibi Cancer Hospital &#8211; Malakpet, India<br \/>\nDuke University- Durham, NC.<br \/>\nFlorida Hospital- Daytona Beach, FL<br \/>\nGulf Coast Cancer Centers- Brewton, AL[\/vc_column_text][\/vc_column_inner][vc_column_inner width=&#8221;1\/3&#8243;][vc_icon type=&#8221;nucleo_outline&#8221; icon_nucleo_outline=&#8221;nc-icon-outline business_award-48&#8243; background_style=&#8221;rounded&#8221; background_color=&#8221;custom&#8221; align=&#8221;center&#8221; icon_nucleo=&#8221;nc-icon-glyph business_bulb-63&#8243; css=&#8221;.vc_custom_1505508875297{margin-bottom: 30px !important;}&#8221; custom_background_color=&#8221;#f7f7f7&#8243;][vc_separator color=&#8221;link_color&#8221; border_width=&#8221;4&#8243; el_width=&#8221;20&#8243; css=&#8221;.vc_custom_1472817626861{margin-top: 15px !important;margin-bottom: 15px !important;}&#8221;][vc_column_text] Hyderabad Care Hospitals &#8211; Hyderabad, India\u00a0 \u00a0 IMS &#8211; International Medical Services &#8211; Frankfurt, Germany\u00a0 \u00a0 \u00a0 \u00a0 \u00a0 \u00a0 \u00a0 \u00a0 \u00a0 \u00a0 \u00a0 \u00a0 \u00a0 \u00a0 \u00a0 \u00a0 \u00a0 \u00a0 \u00a0 \u00a0 \u00a0 \u00a0 \u00a0 \u00a0 \u00a0 \u00a0 \u00a0 \u00a0 \u00a0 \u00a0 \u00a0 \u00a0 \u00a0 \u00a0 \u00a0 Kaiser Permanente- Los Angeles, CA<br \/>\nKawea Delta Health District \u2013 Visaila, CA<br \/>\nMayo Clinic \u2013 Eau Claire, WI<br \/>\nM.D. Anderson- Houston, TX<br \/>\n[\/vc_column_text][\/vc_column_inner][vc_column_inner width=&#8221;1\/3&#8243;][vc_icon type=&#8221;nucleo_outline&#8221; icon_nucleo_outline=&#8221;nc-icon-outline business_award-48&#8243; background_style=&#8221;rounded&#8221; background_color=&#8221;custom&#8221; align=&#8221;center&#8221; icon_nucleo=&#8221;nc-icon-glyph business_bulb-63&#8243; css=&#8221;.vc_custom_1505508875297{margin-bottom: 30px !important;}&#8221; custom_background_color=&#8221;#f7f7f7&#8243;][vc_separator color=&#8221;link_color&#8221; border_width=&#8221;4&#8243; el_width=&#8221;20&#8243; css=&#8221;.vc_custom_1472817626861{margin-top: 15px !important;margin-bottom: 15px !important;}&#8221;][vc_column_text]Mt Sinai Hospital \u2013 Miami, FL\u00a0 \u00a0 \u00a0 \u00a0 \u00a0 \u00a0 \u00a0 \u00a0 \u00a0 \u00a0 \u00a0 Oncologics, Inc \u2013 Lafayette, LA<br \/>\nOncure Medical \u2013 Englewood, CO<br \/>\nUrorad Healthcare \u2013 Humble, TX<br \/>\nU.S. Oncology \u2013 The Woodlands, TX<br \/>\nVantage Oncology \u2013 Manhattan Beach, CA[\/vc_column_text][\/vc_column_inner][\/vc_row_inner][vc_column_text]<\/p>\n<p style=\"text-align: center;\">Not surprisingly, much of our success is built upon repeat business and word of mouth recommendations. There&#8217;s only one way to achieve this sort of reputation: deliver top quality equipment at competitive prices, and do so in a straight forward ethical manner.<\/p>\n<p>[\/vc_column_text][vc_row_inner][vc_column_inner width=&#8221;1\/3&#8243;][\/vc_column_inner][vc_column_inner width=&#8221;1\/3&#8243;][vc_separator color=&#8221;link_color&#8221; border_width=&#8221;4&#8243; el_width=&#8221;20&#8243; css=&#8221;.vc_custom_1472817744246{margin-top: 5px !important;}&#8221;][\/vc_column_inner][vc_column_inner width=&#8221;1\/3&#8243;][\/vc_column_inner][\/vc_row_inner][\/vc_column][\/vc_row][vc_row][vc_column][vc_column_text][\/vc_column_text][\/vc_column][\/vc_row]<\/p>\n<\/div>","protected":false},"excerpt":{"rendered":"<p>[vc_row full_width=&#8221;stretch_row&#8221; full_height=&#8221;quarter_row_height&#8221; css=&#8221;.vc_custom_1509130648760{background-image: url(http:\/\/biz229.inmotionhosting.com\/~oncolo7\/dev\/wp-content\/uploads\/2016\/07\/Linac_People_crop.jpg?id=631) !important;background-position: center !important;background-repeat: no-repeat !important;background-size: cover !important;}&#8221;][vc_column][\/vc_column][\/vc_row][vc_row full_width=&#8221;stretch_row&#8221; css=&#8221;.vc_custom_1467398018107{padding-top: 120px !important;padding-bottom: 120px !important;}&#8221;][vc_column][vc_column_text] TRG Oncology International &#8211; A Leading\u00a0 Reseller of New, Used and Refurbished Radiation Therapy Equipment Worldwide [\/vc_column_text][vc_row_inner][vc_column_inner width=&#8221;1\/3&#8243;][\/vc_column_inner][vc_column_inner width=&#8221;1\/3&#8243;][vc_separator color=&#8221;link_color&#8221; border_width=&#8221;4&#8243; el_width=&#8221;20&#8243; css=&#8221;.vc_custom_1472817381886{margin-bottom: 5px !important;}&#8221;][\/vc_column_inner][vc_column_inner width=&#8221;1\/3&#8243;][\/vc_column_inner][\/vc_row_inner][vc_row_inner css=&#8221;.vc_custom_1467381068708{padding-top: 0px !important;}&#8221;][vc_column_inner width=&#8221;5\/6&#8243; offset=&#8221;vc_col-lg-offset-1 vc_col-md-offset-1 vc_col-sm-offset-1&#8243;][vc_column_text] TRG Oncology International is<a class=\"read-more\" href=\"https:\/\/oncologyequipment.com\/dev\/company\/\">Continue reading <i class=\"fa fa-angle-right fa-lg\"><\/i><\/a><\/p>\n","protected":false},"author":1,"featured_media":0,"parent":0,"menu_order":0,"comment_status":"closed","ping_status":"closed","template":"","meta":{"footnotes":""},"class_list":["post-13","page","type-page","status-publish","hentry"],"yoast_head":"<!-- This site is optimized with the Yoast SEO plugin v27.2 - https:\/\/yoast.com\/product\/yoast-seo-wordpress\/ -->\n<title>Company - TRG Oncology Equipment<\/title>\n<meta name=\"robots\" content=\"index, follow, max-snippet:-1, max-image-preview:large, max-video-preview:-1\" \/>\n<link rel=\"canonical\" href=\"https:\/\/oncologyequipment.com\/dev\/company\/\" \/>\n<meta property=\"og:locale\" content=\"en_US\" \/>\n<meta property=\"og:type\" content=\"article\" \/>\n<meta property=\"og:title\" content=\"Company - TRG Oncology Equipment\" \/>\n<meta property=\"og:description\" content=\"[vc_row full_width=&#8221;stretch_row&#8221; full_height=&#8221;quarter_row_height&#8221; css=&#8221;.vc_custom_1509130648760{background-image: url(http:\/\/biz229.inmotionhosting.com\/~oncolo7\/dev\/wp-content\/uploads\/2016\/07\/Linac_People_crop.jpg?id=631) !important;background-position: center !important;background-repeat: no-repeat !important;background-size: cover !important;}&#8221;][vc_column][\/vc_column][\/vc_row][vc_row full_width=&#8221;stretch_row&#8221; css=&#8221;.vc_custom_1467398018107{padding-top: 120px !important;padding-bottom: 120px !important;}&#8221;][vc_column][vc_column_text] TRG Oncology International &#8211; A Leading\u00a0 Reseller of New, Used and Refurbished Radiation Therapy Equipment Worldwide [\/vc_column_text][vc_row_inner][vc_column_inner width=&#8221;1\/3&#8243;][\/vc_column_inner][vc_column_inner width=&#8221;1\/3&#8243;][vc_separator color=&#8221;link_color&#8221; border_width=&#8221;4&#8243; el_width=&#8221;20&#8243; css=&#8221;.vc_custom_1472817381886{margin-bottom: 5px !important;}&#8221;][\/vc_column_inner][vc_column_inner width=&#8221;1\/3&#8243;][\/vc_column_inner][\/vc_row_inner][vc_row_inner css=&#8221;.vc_custom_1467381068708{padding-top: 0px !important;}&#8221;][vc_column_inner width=&#8221;5\/6&#8243; offset=&#8221;vc_col-lg-offset-1 vc_col-md-offset-1 vc_col-sm-offset-1&#8243;][vc_column_text] TRG Oncology International isContinue reading\" \/>\n<meta property=\"og:url\" content=\"https:\/\/oncologyequipment.com\/dev\/company\/\" \/>\n<meta property=\"og:site_name\" content=\"TRG Oncology Equipment\" \/>\n<meta property=\"article:modified_time\" content=\"2026-01-06T18:06:08+00:00\" \/>\n<meta name=\"twitter:card\" content=\"summary_large_image\" \/>\n<meta name=\"twitter:label1\" content=\"Est. reading time\" \/>\n\t<meta name=\"twitter:data1\" content=\"6 minutes\" \/>\n<script type=\"application\/ld+json\" class=\"yoast-schema-graph\">{\"@context\":\"https:\/\/schema.org\",\"@graph\":[{\"@type\":\"WebPage\",\"@id\":\"https:\/\/oncologyequipment.com\/dev\/company\/\",\"url\":\"https:\/\/oncologyequipment.com\/dev\/company\/\",\"name\":\"Company - TRG Oncology Equipment\",\"isPartOf\":{\"@id\":\"https:\/\/oncologyequipment.com\/dev\/#website\"},\"datePublished\":\"2016-07-25T07:50:45+00:00\",\"dateModified\":\"2026-01-06T18:06:08+00:00\",\"breadcrumb\":{\"@id\":\"https:\/\/oncologyequipment.com\/dev\/company\/#breadcrumb\"},\"inLanguage\":\"en-US\",\"potentialAction\":[{\"@type\":\"ReadAction\",\"target\":[\"https:\/\/oncologyequipment.com\/dev\/company\/\"]}]},{\"@type\":\"BreadcrumbList\",\"@id\":\"https:\/\/oncologyequipment.com\/dev\/company\/#breadcrumb\",\"itemListElement\":[{\"@type\":\"ListItem\",\"position\":1,\"name\":\"Home\",\"item\":\"https:\/\/oncologyequipment.com\/dev\/\"},{\"@type\":\"ListItem\",\"position\":2,\"name\":\"Company\"}]},{\"@type\":\"WebSite\",\"@id\":\"https:\/\/oncologyequipment.com\/dev\/#website\",\"url\":\"https:\/\/oncologyequipment.com\/dev\/\",\"name\":\"TRG Oncology Equipment\",\"description\":\"\",\"potentialAction\":[{\"@type\":\"SearchAction\",\"target\":{\"@type\":\"EntryPoint\",\"urlTemplate\":\"https:\/\/oncologyequipment.com\/dev\/?s={search_term_string}\"},\"query-input\":{\"@type\":\"PropertyValueSpecification\",\"valueRequired\":true,\"valueName\":\"search_term_string\"}}],\"inLanguage\":\"en-US\"}]}<\/script>\n<!-- \/ Yoast SEO plugin. -->","yoast_head_json":{"title":"Company - TRG Oncology Equipment","robots":{"index":"index","follow":"follow","max-snippet":"max-snippet:-1","max-image-preview":"max-image-preview:large","max-video-preview":"max-video-preview:-1"},"canonical":"https:\/\/oncologyequipment.com\/dev\/company\/","og_locale":"en_US","og_type":"article","og_title":"Company - TRG Oncology Equipment","og_description":"[vc_row full_width=&#8221;stretch_row&#8221; full_height=&#8221;quarter_row_height&#8221; css=&#8221;.vc_custom_1509130648760{background-image: url(http:\/\/biz229.inmotionhosting.com\/~oncolo7\/dev\/wp-content\/uploads\/2016\/07\/Linac_People_crop.jpg?id=631) !important;background-position: center !important;background-repeat: no-repeat !important;background-size: cover !important;}&#8221;][vc_column][\/vc_column][\/vc_row][vc_row full_width=&#8221;stretch_row&#8221; css=&#8221;.vc_custom_1467398018107{padding-top: 120px !important;padding-bottom: 120px !important;}&#8221;][vc_column][vc_column_text] TRG Oncology International &#8211; A Leading\u00a0 Reseller of New, Used and Refurbished Radiation Therapy Equipment Worldwide [\/vc_column_text][vc_row_inner][vc_column_inner width=&#8221;1\/3&#8243;][\/vc_column_inner][vc_column_inner width=&#8221;1\/3&#8243;][vc_separator color=&#8221;link_color&#8221; border_width=&#8221;4&#8243; el_width=&#8221;20&#8243; css=&#8221;.vc_custom_1472817381886{margin-bottom: 5px !important;}&#8221;][\/vc_column_inner][vc_column_inner width=&#8221;1\/3&#8243;][\/vc_column_inner][\/vc_row_inner][vc_row_inner css=&#8221;.vc_custom_1467381068708{padding-top: 0px !important;}&#8221;][vc_column_inner width=&#8221;5\/6&#8243; offset=&#8221;vc_col-lg-offset-1 vc_col-md-offset-1 vc_col-sm-offset-1&#8243;][vc_column_text] TRG Oncology International isContinue reading","og_url":"https:\/\/oncologyequipment.com\/dev\/company\/","og_site_name":"TRG Oncology Equipment","article_modified_time":"2026-01-06T18:06:08+00:00","twitter_card":"summary_large_image","twitter_misc":{"Est. reading time":"6 minutes"},"schema":{"@context":"https:\/\/schema.org","@graph":[{"@type":"WebPage","@id":"https:\/\/oncologyequipment.com\/dev\/company\/","url":"https:\/\/oncologyequipment.com\/dev\/company\/","name":"Company - TRG Oncology Equipment","isPartOf":{"@id":"https:\/\/oncologyequipment.com\/dev\/#website"},"datePublished":"2016-07-25T07:50:45+00:00","dateModified":"2026-01-06T18:06:08+00:00","breadcrumb":{"@id":"https:\/\/oncologyequipment.com\/dev\/company\/#breadcrumb"},"inLanguage":"en-US","potentialAction":[{"@type":"ReadAction","target":["https:\/\/oncologyequipment.com\/dev\/company\/"]}]},{"@type":"BreadcrumbList","@id":"https:\/\/oncologyequipment.com\/dev\/company\/#breadcrumb","itemListElement":[{"@type":"ListItem","position":1,"name":"Home","item":"https:\/\/oncologyequipment.com\/dev\/"},{"@type":"ListItem","position":2,"name":"Company"}]},{"@type":"WebSite","@id":"https:\/\/oncologyequipment.com\/dev\/#website","url":"https:\/\/oncologyequipment.com\/dev\/","name":"TRG Oncology Equipment","description":"","potentialAction":[{"@type":"SearchAction","target":{"@type":"EntryPoint","urlTemplate":"https:\/\/oncologyequipment.com\/dev\/?s={search_term_string}"},"query-input":{"@type":"PropertyValueSpecification","valueRequired":true,"valueName":"search_term_string"}}],"inLanguage":"en-US"}]}},"_links":{"self":[{"href":"https:\/\/oncologyequipment.com\/dev\/wp-json\/wp\/v2\/pages\/13","targetHints":{"allow":["GET"]}}],"collection":[{"href":"https:\/\/oncologyequipment.com\/dev\/wp-json\/wp\/v2\/pages"}],"about":[{"href":"https:\/\/oncologyequipment.com\/dev\/wp-json\/wp\/v2\/types\/page"}],"author":[{"embeddable":true,"href":"https:\/\/oncologyequipment.com\/dev\/wp-json\/wp\/v2\/users\/1"}],"replies":[{"embeddable":true,"href":"https:\/\/oncologyequipment.com\/dev\/wp-json\/wp\/v2\/comments?post=13"}],"version-history":[{"count":37,"href":"https:\/\/oncologyequipment.com\/dev\/wp-json\/wp\/v2\/pages\/13\/revisions"}],"predecessor-version":[{"id":886,"href":"https:\/\/oncologyequipment.com\/dev\/wp-json\/wp\/v2\/pages\/13\/revisions\/886"}],"wp:attachment":[{"href":"https:\/\/oncologyequipment.com\/dev\/wp-json\/wp\/v2\/media?parent=13"}],"curies":[{"name":"wp","href":"https:\/\/api.w.org\/{rel}","templated":true}]}}